{"id":8373,"date":"2018-05-29T09:21:47","date_gmt":"2018-05-29T07:21:47","guid":{"rendered":"https:\/\/weingut-zoebel.de\/catalog\/?page_id=8373"},"modified":"2019-08-28T08:52:39","modified_gmt":"2019-08-28T06:52:39","slug":"os-plattform","status":"publish","type":"page","link":"https:\/\/weingut-zoebel.de\/catalog\/?page_id=8373","title":{"rendered":"OS-Plattform"},"content":{"rendered":"<p>Hinweis OS-Plattform<br \/>\n=====================<br \/>\nDie Europ\u00e4ische Kommission stellt eine Plattform f\u00fcr die au\u00dfergerichtliche Online-Streitbeilegung (OS-Plattform) bereit, die unter <a href=\"http:\/\/www.ec.europa.eu\/consumers\/odr\">www.ec.europa.eu\/consumers\/odr<\/a> aufrufbar ist.<\/p>\n<p>Wir sind weder verpflichtet noch bereit, an dem Streitschlichtungsverfahren teilzunehmen.<\/p>\n<p>unsere Anschrift und Emailadresse:<\/p>\n<p>Weingut Z\u00f6bel<br \/>\nHauptstra\u00dfe 41<br \/>\n55270 Bubenheim<br \/>\nTelefon 06130 \/ 516<br \/>\nTelefax 06130 \/ 9410850<br \/>\nweingut@weingut-zoebel.de<br \/>\nweingut@weingut-zoebel.de<\/p>\n","protected":false},"excerpt":{"rendered":"<p>Hinweis OS-Plattform ===================== Die Europ\u00e4ische Kommission stellt eine Plattform f\u00fcr die au\u00dfergerichtliche Online-Streitbeilegung (OS-Plattform) bereit, die unter www.ec.europa.eu\/consumers\/odr aufrufbar ist. Wir sind weder verpflichtet noch bereit, an dem Streitschlichtungsverfahren teilzunehmen. unsere Anschrift und Emailadresse: Weingut Z\u00f6bel Hauptstra\u00dfe 41 55270 Bubenheim Telefon 06130 \/ 516 Telefax 06130 \/ 9410850 weingut@weingut-zoebel.de weingut@weingut-zoebel.de<\/p>\n","protected":false},"author":1,"featured_media":0,"parent":0,"menu_order":0,"comment_status":"closed","ping_status":"closed","template":"","meta":{"footnotes":""},"class_list":["post-8373","page","type-page","status-publish","hentry"],"_links":{"self":[{"href":"https:\/\/weingut-zoebel.de\/catalog\/index.php?rest_route=\/wp\/v2\/pages\/8373"}],"collection":[{"href":"https:\/\/weingut-zoebel.de\/catalog\/index.php?rest_route=\/wp\/v2\/pages"}],"about":[{"href":"https:\/\/weingut-zoebel.de\/catalog\/index.php?rest_route=\/wp\/v2\/types\/page"}],"author":[{"embeddable":true,"href":"https:\/\/weingut-zoebel.de\/catalog\/index.php?rest_route=\/wp\/v2\/users\/1"}],"replies":[{"embeddable":true,"href":"https:\/\/weingut-zoebel.de\/catalog\/index.php?rest_route=%2Fwp%2Fv2%2Fcomments&post=8373"}],"version-history":[{"count":1,"href":"https:\/\/weingut-zoebel.de\/catalog\/index.php?rest_route=\/wp\/v2\/pages\/8373\/revisions"}],"predecessor-version":[{"id":8374,"href":"https:\/\/weingut-zoebel.de\/catalog\/index.php?rest_route=\/wp\/v2\/pages\/8373\/revisions\/8374"}],"wp:attachment":[{"href":"https:\/\/weingut-zoebel.de\/catalog\/index.php?rest_route=%2Fwp%2Fv2%2Fmedia&parent=8373"}],"curies":[{"name":"wp","href":"https:\/\/api.w.org\/{rel}","templated":true}]}}