{"id":14090,"date":"2024-05-21T20:22:57","date_gmt":"2024-05-21T18:22:57","guid":{"rendered":"https:\/\/weingut-zoebel.de\/catalog\/?product=2023-sauvignon-blanc-qw-trocken-075l-bio"},"modified":"2026-01-07T19:50:40","modified_gmt":"2026-01-07T17:50:40","slug":"2023-sauvignon-blanc-qw-trocken-075l-bio","status":"publish","type":"product","link":"https:\/\/weingut-zoebel.de\/catalog\/?product=2023-sauvignon-blanc-qw-trocken-075l-bio","title":{"rendered":"<br>2023 Sauvignon blanc Qw. trocken 0,75l  Bio<br>"},"content":{"rendered":"<div align=\"left\"><font size=\"1\">2023 Sauvignon blanc Qw. trocken 0,75l  Bio<\/p>\n<p>        <font color=\"#666666\"><!-- IBGHTML -->Feine K\u00fcche Estragon, Muskat, Koriander, Zitronengras <br \/>w\u00fcnschen sich diesen geselligen Weinpartner. Raffiniert im Aromaprofil <br \/>mit pfiffigem Sa\u00fcrespiel. Der Wein f\u00fcr&#8217;s Fein-W\u00fcrzige!<br \/>DE-\u00d6ko-039<br \/><\/font><\/p>\n<p><\/font><\/div>\n<table WIDTH=\"60%\" BORDER=\"0\" align=\"left\" CELLPADDING=\"0\" CELLSPACING=\"0\"><\/p>\n<tr><\/p>\n<td width=\"53%\"><font size=\"-1\">Artikelnummer:<\/font><\/td>\n<td width=\"47%\"><font size=\"-1\"><strong>06-24<\/strong><\/font><\/td>\n<p><\/tr>\n<tr><\/p>\n<td><font size=\"-1\">Inhalt<\/font><\/td>\n<td><font size=\"-1\"><strong>0,75 Ltr.<\/strong><\/font><\/td>\n<p><\/tr>\n<tr ALIGN=\"LEFT\"><\/p>\n<td><font size=\"-1\">Preis\/Ltr.<\/font><\/td>\n<td><font size=\"-1\"><strong>10,67 EUR pro Ltr.<\/strong><\/font><\/td>\n<p><\/tr>\n<tr><\/p>\n<td><font size=\"-1\">Weinart:<\/font><\/td>\n<td><font size=\"-1\"><strong>Wei\u00dfwein<\/strong><\/font><\/td>\n<p><\/tr>\n<tr><\/p>\n<td><font size=\"-1\">Qualit&auml;tsstufe<\/font><\/td>\n<td><font size=\"-1\"><strong>Qualit\u00e4tswein<\/strong><\/font><\/td>\n<p><\/tr>\n<tr><\/p>\n<td><font size=\"-1\">Rebsorte<\/font><\/td>\n<td><font size=\"-1\"><strong>Sauvignon blanc<\/strong><\/font><\/td>\n<p><\/tr>\n<tr>  <\/p>\n<td><font size=\"-1\">Restzuckergehalt<\/font><\/td>\n<p>  <\/p>\n<td><font size=\"-1\"><strong><\/strong><\/font><\/td>\n<p><\/tr>\n<p><\/p>\n<tr><\/p>\n<td><font size=\"-1\">Alkoholgehalt<\/font><\/td>\n<td><font size=\"-1\"><strong><\/strong><\/font><\/td>\n<p><\/tr>\n<p><\/p>\n<tr>\n<td><font size=\"-1\">Bio:<\/font><\/td>\n<td><font size=\"-1\"><strong>JA<\/strong><\/font><\/td>\n<\/tr>\n<p><\/p>\n<tr>\n<td><font size=\"-1\">vegan:<\/font><\/td>\n<td><font size=\"-1\"><strong>JA<\/strong><\/font><\/td>\n<\/tr>\n<p><\/p>\n<tr>\n<td><font size=\"-1\">Ursprungsland:<\/font><\/td>\n<td><font size=\"-1\"><strong><\/strong><\/font><\/td>\n<\/tr>\n<p><\/p>\n<tr>\n<td><font size=\"-1\">enth\u00e4lt Allergene:<\/font><\/td>\n<td><font size=\"-1\"><strong>Sulfite<\/strong><\/font><\/td>\n<\/tr>\n<p><\/table>\n","protected":false},"excerpt":{"rendered":"<p>2023 Sauvignon blanc Qw. trocken 0,75l Bio Feine K\u00fcche Estragon, Muskat, Koriander, Zitronengras w\u00fcnschen sich diesen geselligen Weinpartner. Raffiniert im Aromaprofil mit pfiffigem Sa\u00fcrespiel. Der Wein f\u00fcr&#8217;s Fein-W\u00fcrzige!DE-\u00d6ko-039 Artikelnummer: 06-24 Inhalt 0,75 Ltr. Preis\/Ltr. 10,67 EUR pro Ltr. Weinart: Wei\u00dfwein Qualit&auml;tsstufe Qualit\u00e4tswein Rebsorte Sauvignon blanc Restzuckergehalt Alkoholgehalt Bio: JA vegan: JA Ursprungsland: enth\u00e4lt Allergene: Sulfite<\/p>\n","protected":false},"featured_media":0,"comment_status":"open","ping_status":"closed","template":"","meta":[],"product_brand":[],"product_cat":[2358],"product_tag":[],"class_list":{"0":"post-14090","1":"product","2":"type-product","3":"status-publish","5":"product_cat-trockne-weissweine","7":"first","8":"instock","9":"taxable","10":"shipping-taxable","11":"purchasable","12":"product-type-simple"},"_links":{"self":[{"href":"https:\/\/weingut-zoebel.de\/catalog\/index.php?rest_route=\/wp\/v2\/product\/14090"}],"collection":[{"href":"https:\/\/weingut-zoebel.de\/catalog\/index.php?rest_route=\/wp\/v2\/product"}],"about":[{"href":"https:\/\/weingut-zoebel.de\/catalog\/index.php?rest_route=\/wp\/v2\/types\/product"}],"replies":[{"embeddable":true,"href":"https:\/\/weingut-zoebel.de\/catalog\/index.php?rest_route=%2Fwp%2Fv2%2Fcomments&post=14090"}],"wp:attachment":[{"href":"https:\/\/weingut-zoebel.de\/catalog\/index.php?rest_route=%2Fwp%2Fv2%2Fmedia&parent=14090"}],"wp:term":[{"taxonomy":"product_brand","embeddable":true,"href":"https:\/\/weingut-zoebel.de\/catalog\/index.php?rest_route=%2Fwp%2Fv2%2Fproduct_brand&post=14090"},{"taxonomy":"product_cat","embeddable":true,"href":"https:\/\/weingut-zoebel.de\/catalog\/index.php?rest_route=%2Fwp%2Fv2%2Fproduct_cat&post=14090"},{"taxonomy":"product_tag","embeddable":true,"href":"https:\/\/weingut-zoebel.de\/catalog\/index.php?rest_route=%2Fwp%2Fv2%2Fproduct_tag&post=14090"}],"curies":[{"name":"wp","href":"https:\/\/api.w.org\/{rel}","templated":true}]}}