{"id":14091,"date":"2024-05-21T20:22:59","date_gmt":"2024-05-21T18:22:59","guid":{"rendered":"https:\/\/weingut-zoebel.de\/catalog\/?product=2023-blanc-de-noir-qw-fruchtig-075l-bio"},"modified":"2026-01-07T19:50:41","modified_gmt":"2026-01-07T17:50:41","slug":"2023-blanc-de-noir-qw-fruchtig-075l-bio","status":"publish","type":"product","link":"https:\/\/weingut-zoebel.de\/catalog\/?product=2023-blanc-de-noir-qw-fruchtig-075l-bio","title":{"rendered":"<br>2023 Blanc de Noir Qw. fruchtig 0,75l  Bio<br>"},"content":{"rendered":"<div align=\"left\"><font size=\"1\">2023 Blanc de Noir Qw. fruchtig 0,75l  Bio<\/p>\n<p>        <font color=\"#666666\"><!-- IBGHTML -->Ein wei\u00dfgekelterter Sp\u00e4tburgunder, der sich in der Nase sehr fruchtig pr\u00e4sentiert. Sein sch\u00f6nes Aroma mit einer s\u00fcffigen S\u00fc\u00dfe und harmonischer Weins\u00e4ure f\u00fcllen den ganzen Mund aus. Diesen Wein sollten Sie unbedingt gut gek\u00fchlt probieren.<br \/>DE-\u00d6ko-039<br \/><\/font><\/p>\n<p><\/font><\/div>\n<table WIDTH=\"60%\" BORDER=\"0\" align=\"left\" CELLPADDING=\"0\" CELLSPACING=\"0\"><\/p>\n<tr><\/p>\n<td width=\"53%\"><font size=\"-1\">Artikelnummer:<\/font><\/td>\n<td width=\"47%\"><font size=\"-1\"><strong>07-24<\/strong><\/font><\/td>\n<p><\/tr>\n<tr><\/p>\n<td><font size=\"-1\">Inhalt<\/font><\/td>\n<td><font size=\"-1\"><strong>0,75 Ltr.<\/strong><\/font><\/td>\n<p><\/tr>\n<tr ALIGN=\"LEFT\"><\/p>\n<td><font size=\"-1\">Preis\/Ltr.<\/font><\/td>\n<td><font size=\"-1\"><strong>10,67 EUR pro Ltr.<\/strong><\/font><\/td>\n<p><\/tr>\n<tr><\/p>\n<td><font size=\"-1\">Weinart:<\/font><\/td>\n<td><font size=\"-1\"><strong>Blanc de Noir<\/strong><\/font><\/td>\n<p><\/tr>\n<tr><\/p>\n<td><font size=\"-1\">Qualit&auml;tsstufe<\/font><\/td>\n<td><font size=\"-1\"><strong>Qualit\u00e4tswein<\/strong><\/font><\/td>\n<p><\/tr>\n<tr><\/p>\n<td><font size=\"-1\">Rebsorte<\/font><\/td>\n<td><font size=\"-1\"><strong>Sp\u00e4tburgunder<\/strong><\/font><\/td>\n<p><\/tr>\n<tr>  <\/p>\n<td><font size=\"-1\">Restzuckergehalt<\/font><\/td>\n<p>  <\/p>\n<td><font size=\"-1\"><strong><\/strong><\/font><\/td>\n<p><\/tr>\n<p><\/p>\n<tr><\/p>\n<td><font size=\"-1\">Alkoholgehalt<\/font><\/td>\n<td><font size=\"-1\"><strong><\/strong><\/font><\/td>\n<p><\/tr>\n<p><\/p>\n<tr>\n<td><font size=\"-1\">Bio:<\/font><\/td>\n<td><font size=\"-1\"><strong>JA<\/strong><\/font><\/td>\n<\/tr>\n<p><\/p>\n<tr>\n<td><font size=\"-1\">vegan:<\/font><\/td>\n<td><font size=\"-1\"><strong>JA<\/strong><\/font><\/td>\n<\/tr>\n<p><\/p>\n<tr>\n<td><font size=\"-1\">Ursprungsland:<\/font><\/td>\n<td><font size=\"-1\"><strong><\/strong><\/font><\/td>\n<\/tr>\n<p><\/p>\n<tr>\n<td><font size=\"-1\">enth\u00e4lt Allergene:<\/font><\/td>\n<td><font size=\"-1\"><strong>Sulfite<\/strong><\/font><\/td>\n<\/tr>\n<p><\/table>\n","protected":false},"excerpt":{"rendered":"<p>2023 Blanc de Noir Qw. fruchtig 0,75l Bio Ein wei\u00dfgekelterter Sp\u00e4tburgunder, der sich in der Nase sehr fruchtig pr\u00e4sentiert. Sein sch\u00f6nes Aroma mit einer s\u00fcffigen S\u00fc\u00dfe und harmonischer Weins\u00e4ure f\u00fcllen den ganzen Mund aus. Diesen Wein sollten Sie unbedingt gut gek\u00fchlt probieren.DE-\u00d6ko-039 Artikelnummer: 07-24 Inhalt 0,75 Ltr. Preis\/Ltr. 10,67 EUR pro Ltr. Weinart: Blanc de [&hellip;]<\/p>\n","protected":false},"featured_media":0,"comment_status":"open","ping_status":"closed","template":"","meta":[],"product_brand":[],"product_cat":[2360],"product_tag":[],"class_list":{"0":"post-14091","1":"product","2":"type-product","3":"status-publish","5":"product_cat-fruchtig-liebliche-weissweine","7":"first","8":"instock","9":"taxable","10":"shipping-taxable","11":"purchasable","12":"product-type-simple"},"_links":{"self":[{"href":"https:\/\/weingut-zoebel.de\/catalog\/index.php?rest_route=\/wp\/v2\/product\/14091"}],"collection":[{"href":"https:\/\/weingut-zoebel.de\/catalog\/index.php?rest_route=\/wp\/v2\/product"}],"about":[{"href":"https:\/\/weingut-zoebel.de\/catalog\/index.php?rest_route=\/wp\/v2\/types\/product"}],"replies":[{"embeddable":true,"href":"https:\/\/weingut-zoebel.de\/catalog\/index.php?rest_route=%2Fwp%2Fv2%2Fcomments&post=14091"}],"wp:attachment":[{"href":"https:\/\/weingut-zoebel.de\/catalog\/index.php?rest_route=%2Fwp%2Fv2%2Fmedia&parent=14091"}],"wp:term":[{"taxonomy":"product_brand","embeddable":true,"href":"https:\/\/weingut-zoebel.de\/catalog\/index.php?rest_route=%2Fwp%2Fv2%2Fproduct_brand&post=14091"},{"taxonomy":"product_cat","embeddable":true,"href":"https:\/\/weingut-zoebel.de\/catalog\/index.php?rest_route=%2Fwp%2Fv2%2Fproduct_cat&post=14091"},{"taxonomy":"product_tag","embeddable":true,"href":"https:\/\/weingut-zoebel.de\/catalog\/index.php?rest_route=%2Fwp%2Fv2%2Fproduct_tag&post=14091"}],"curies":[{"name":"wp","href":"https:\/\/api.w.org\/{rel}","templated":true}]}}