{"id":14132,"date":"2024-11-17T18:00:27","date_gmt":"2024-11-17T16:00:27","guid":{"rendered":"https:\/\/weingut-zoebel.de\/catalog\/?product=2023-spaetburgunder-qualitaetswein-trocken-075l-bio"},"modified":"2026-01-07T19:50:42","modified_gmt":"2026-01-07T17:50:42","slug":"2023-spaetburgunder-qualitaetswein-trocken-075l-bio","status":"publish","type":"product","link":"https:\/\/weingut-zoebel.de\/catalog\/?product=2023-spaetburgunder-qualitaetswein-trocken-075l-bio","title":{"rendered":"<br>2023 Sp\u00e4tburgunder Qualit\u00e4tswein  trocken 0,75l  Bio<br>"},"content":{"rendered":"<div align=\"left\"><font size=\"1\">2023 Sp\u00e4tburgunder Qualit\u00e4tswein  trocken 0,75l  Bio<\/p>\n<p>        <font color=\"#666666\"><!-- IBGHTML -->Ich liebe Ihn, meinen Sp\u00e4tburgunder mit dem feinen<br \/>Tannin und dem Eindruck von reifen Waldbeeren.<br \/>Im Gaumen mundig und geschmeidig.<br \/>Genu\u00df solo oder zu Wild und kr\u00e4ftigem K\u00e4se.<br \/>DE-\u00d6ko-039<br \/><\/font><\/p>\n<p><\/font><\/div>\n<table WIDTH=\"60%\" BORDER=\"0\" align=\"left\" CELLPADDING=\"0\" CELLSPACING=\"0\"><\/p>\n<tr><\/p>\n<td width=\"53%\"><font size=\"-1\">Artikelnummer:<\/font><\/td>\n<td width=\"47%\"><font size=\"-1\"><strong>08-24<\/strong><\/font><\/td>\n<p><\/tr>\n<tr><\/p>\n<td><font size=\"-1\">Inhalt<\/font><\/td>\n<td><font size=\"-1\"><strong>0,75 Ltr.<\/strong><\/font><\/td>\n<p><\/tr>\n<tr ALIGN=\"LEFT\"><\/p>\n<td><font size=\"-1\">Preis\/Ltr.<\/font><\/td>\n<td><font size=\"-1\"><strong>10,67 EUR pro Ltr.<\/strong><\/font><\/td>\n<p><\/tr>\n<tr><\/p>\n<td><font size=\"-1\">Weinart:<\/font><\/td>\n<td><font size=\"-1\"><strong>Rotwein<\/strong><\/font><\/td>\n<p><\/tr>\n<tr><\/p>\n<td><font size=\"-1\">Qualit&auml;tsstufe<\/font><\/td>\n<td><font size=\"-1\"><strong>Qualit\u00e4tswein<\/strong><\/font><\/td>\n<p><\/tr>\n<tr><\/p>\n<td><font size=\"-1\">Rebsorte<\/font><\/td>\n<td><font size=\"-1\"><strong>Sp\u00e4tburgunder<\/strong><\/font><\/td>\n<p><\/tr>\n<tr>  <\/p>\n<td><font size=\"-1\">Restzuckergehalt<\/font><\/td>\n<p>  <\/p>\n<td><font size=\"-1\"><strong><\/strong><\/font><\/td>\n<p><\/tr>\n<p><\/p>\n<tr><\/p>\n<td><font size=\"-1\">Alkoholgehalt<\/font><\/td>\n<td><font size=\"-1\"><strong><\/strong><\/font><\/td>\n<p><\/tr>\n<p><\/p>\n<tr>\n<td><font size=\"-1\">Bio:<\/font><\/td>\n<td><font size=\"-1\"><strong>JA<\/strong><\/font><\/td>\n<\/tr>\n<p><\/p>\n<tr>\n<td><font size=\"-1\">vegan:<\/font><\/td>\n<td><font size=\"-1\"><strong>JA<\/strong><\/font><\/td>\n<\/tr>\n<p><\/p>\n<tr>\n<td><font size=\"-1\">Ursprungsland:<\/font><\/td>\n<td><font size=\"-1\"><strong><\/strong><\/font><\/td>\n<\/tr>\n<p><\/p>\n<tr>\n<td><font size=\"-1\">enth\u00e4lt Allergene:<\/font><\/td>\n<td><font size=\"-1\"><strong>Sulfite<\/strong><\/font><\/td>\n<\/tr>\n<p><\/table>\n","protected":false},"excerpt":{"rendered":"<p>2023 Sp\u00e4tburgunder Qualit\u00e4tswein trocken 0,75l Bio Ich liebe Ihn, meinen Sp\u00e4tburgunder mit dem feinenTannin und dem Eindruck von reifen Waldbeeren.Im Gaumen mundig und geschmeidig.Genu\u00df solo oder zu Wild und kr\u00e4ftigem K\u00e4se.DE-\u00d6ko-039 Artikelnummer: 08-24 Inhalt 0,75 Ltr. Preis\/Ltr. 10,67 EUR pro Ltr. Weinart: Rotwein Qualit&auml;tsstufe Qualit\u00e4tswein Rebsorte Sp\u00e4tburgunder Restzuckergehalt Alkoholgehalt Bio: JA vegan: JA Ursprungsland: enth\u00e4lt [&hellip;]<\/p>\n","protected":false},"featured_media":0,"comment_status":"open","ping_status":"closed","template":"","meta":[],"product_brand":[],"product_cat":[2361],"product_tag":[],"class_list":{"0":"post-14132","1":"product","2":"type-product","3":"status-publish","5":"product_cat-trockene-rotweine","7":"first","8":"instock","9":"taxable","10":"shipping-taxable","11":"purchasable","12":"product-type-simple"},"_links":{"self":[{"href":"https:\/\/weingut-zoebel.de\/catalog\/index.php?rest_route=\/wp\/v2\/product\/14132"}],"collection":[{"href":"https:\/\/weingut-zoebel.de\/catalog\/index.php?rest_route=\/wp\/v2\/product"}],"about":[{"href":"https:\/\/weingut-zoebel.de\/catalog\/index.php?rest_route=\/wp\/v2\/types\/product"}],"replies":[{"embeddable":true,"href":"https:\/\/weingut-zoebel.de\/catalog\/index.php?rest_route=%2Fwp%2Fv2%2Fcomments&post=14132"}],"wp:attachment":[{"href":"https:\/\/weingut-zoebel.de\/catalog\/index.php?rest_route=%2Fwp%2Fv2%2Fmedia&parent=14132"}],"wp:term":[{"taxonomy":"product_brand","embeddable":true,"href":"https:\/\/weingut-zoebel.de\/catalog\/index.php?rest_route=%2Fwp%2Fv2%2Fproduct_brand&post=14132"},{"taxonomy":"product_cat","embeddable":true,"href":"https:\/\/weingut-zoebel.de\/catalog\/index.php?rest_route=%2Fwp%2Fv2%2Fproduct_cat&post=14132"},{"taxonomy":"product_tag","embeddable":true,"href":"https:\/\/weingut-zoebel.de\/catalog\/index.php?rest_route=%2Fwp%2Fv2%2Fproduct_tag&post=14132"}],"curies":[{"name":"wp","href":"https:\/\/api.w.org\/{rel}","templated":true}]}}